{"id":114,"date":"2021-09-04T21:58:24","date_gmt":"2021-09-05T00:58:24","guid":{"rendered":"https:\/\/cie.britanico.cl\/?page_id=114"},"modified":"2021-09-08T17:38:14","modified_gmt":"2021-09-08T20:38:14","slug":"sobre-nosotros","status":"publish","type":"page","link":"https:\/\/cie.britanico.cl\/index.php\/sobre-nosotros\/","title":{"rendered":"Sobre nosotros"},"content":{"rendered":"\t\t<div data-elementor-type=\"wp-page\" data-elementor-id=\"114\" class=\"elementor elementor-114\" data-elementor-settings=\"[]\">\n\t\t\t\t\t\t\t<div class=\"elementor-section-wrap\">\n\t\t\t\t\t\t\t<section class=\"elementor-section elementor-top-section elementor-element elementor-element-b09131c elementor-section-full_width elementor-reverse-tablet elementor-reverse-mobile elementor-section-height-default elementor-section-height-default\" data-id=\"b09131c\" data-element_type=\"section\" data-settings=\"{&quot;background_background&quot;:&quot;classic&quot;}\">\n\t\t\t\t\t\t<div class=\"elementor-container elementor-column-gap-default\">\n\t\t\t\t\t<div class=\"elementor-column elementor-col-50 elementor-top-column elementor-element elementor-element-9d77dae\" data-id=\"9d77dae\" data-element_type=\"column\">\n\t\t\t<div class=\"elementor-widget-wrap elementor-element-populated\">\n\t\t\t\t\t\t\t\t<div class=\"elementor-element elementor-element-f39372b elementor-widget elementor-widget-text-editor\" data-id=\"f39372b\" data-element_type=\"widget\" data-widget_type=\"text-editor.default\">\n\t\t\t\t<div class=\"elementor-widget-container\">\n\t\t\t\t\t\t\t<p>En el a\u00f1o 2017, Michael O\u2019Sullivan, CEO de Cambridge Assessment International Education, invit\u00f3 oficialmente a la Universidad Chileno Brit\u00e1nica de Cultura a ser su Associate Centre CL125 en Chile (Centro Asociado CL125) con el prop\u00f3sito de administrar su programa de Educaci\u00f3n Internacional. De esta manera, el Associate Centre CL125 inici\u00f3 sus actividades en 2018 con la incorporaci\u00f3n de 4 colegios de la ciudad de Santiago y cuenta, a la fecha, con 14 colegios asociados, tanto en Santiago como en regiones.<\/p><p>El Instituto Chileno Brit\u00e1nico de Cultura, socio corporativo de la Universidad Chileno Brit\u00e1nica de Cultura y del Associate Centre CL125, posee una larga experiencia de m\u00e1s de 84 a\u00f1os en el campo de la ense\u00f1anza y aprendizaje del ingl\u00e9s y de ex\u00e1menes internacionales. Como tal, ha realizado una fruct\u00edfera e intensa labor en el campo de la capacitaci\u00f3n y perfeccionamiento docente en nuestro pais. Asimismo, ha generado una larga y estrecha relaci\u00f3n de m\u00e1s de 60 a\u00f1os con la Universidad de Cambridge y ha desarrollado una destacada labor como Platinum Centre de ex\u00e1menes de Cambridge Assessment English en Chile.<\/p><p>El Instituto Chileno Brit\u00e1nico de Cultura asumir\u00e1 oficialmente la administraci\u00f3n del Associate Centre CL125 a partir del 1 de enero de 2022.<\/p>\t\t\t\t\t\t<\/div>\n\t\t\t\t<\/div>\n\t\t\t\t\t<\/div>\n\t\t<\/div>\n\t\t\t\t<div class=\"elementor-column elementor-col-50 elementor-top-column elementor-element elementor-element-969d717\" data-id=\"969d717\" data-element_type=\"column\">\n\t\t\t<div class=\"elementor-widget-wrap elementor-element-populated\">\n\t\t\t\t\t\t\t\t<div class=\"elementor-element elementor-element-0753ec1 elementor-hidden-tablet elementor-hidden-mobile elementor-widget elementor-widget-image\" data-id=\"0753ec1\" data-element_type=\"widget\" data-widget_type=\"image.default\">\n\t\t\t\t<div class=\"elementor-widget-container\">\n\t\t\t\t\t\t\t\t\t\t\t\t\t\t\t<img width=\"511\" height=\"717\" src=\"https:\/\/cie.britanico.cl\/wp-content\/uploads\/2021\/09\/icbc-sobre-nosotros-pic-1.jpg\" class=\"attachment-full size-full\" alt=\"\" loading=\"lazy\" srcset=\"https:\/\/cie.britanico.cl\/wp-content\/uploads\/2021\/09\/icbc-sobre-nosotros-pic-1.jpg 511w, https:\/\/cie.britanico.cl\/wp-content\/uploads\/2021\/09\/icbc-sobre-nosotros-pic-1-214x300.jpg 214w\" sizes=\"(max-width: 511px) 100vw, 511px\" \/>\t\t\t\t\t\t\t\t\t\t\t\t\t\t\t<\/div>\n\t\t\t\t<\/div>\n\t\t\t\t<div class=\"elementor-element elementor-element-9653aac elementor-hidden-desktop elementor-widget elementor-widget-image\" data-id=\"9653aac\" data-element_type=\"widget\" data-widget_type=\"image.default\">\n\t\t\t\t<div class=\"elementor-widget-container\">\n\t\t\t\t\t\t\t\t\t\t\t\t\t\t\t<img width=\"720\" height=\"366\" src=\"https:\/\/cie.britanico.cl\/wp-content\/uploads\/2021\/09\/nosotros-bg.jpg\" class=\"attachment-large size-large\" alt=\"\" loading=\"lazy\" srcset=\"https:\/\/cie.britanico.cl\/wp-content\/uploads\/2021\/09\/nosotros-bg.jpg 720w, https:\/\/cie.britanico.cl\/wp-content\/uploads\/2021\/09\/nosotros-bg-300x153.jpg 300w\" sizes=\"(max-width: 720px) 100vw, 720px\" \/>\t\t\t\t\t\t\t\t\t\t\t\t\t\t\t<\/div>\n\t\t\t\t<\/div>\n\t\t\t\t\t<\/div>\n\t\t<\/div>\n\t\t\t\t\t\t\t<\/div>\n\t\t<\/section>\n\t\t\t\t\t\t<\/div>\n\t\t\t\t\t<\/div>\n\t\t","protected":false},"excerpt":{"rendered":"<p>En el a\u00f1o 2017, Michael O\u2019Sullivan, CEO de Cambridge Assessment International Education, invit\u00f3 oficialmente a la Universidad Chileno Brit\u00e1nica de Cultura a ser su Associate Centre CL125 en Chile (Centro Asociado CL125) con el prop\u00f3sito de administrar su programa de Educaci\u00f3n Internacional. De esta manera, el Associate Centre CL125 inici\u00f3 sus actividades en 2018 con &hellip;<\/p>\n<p class=\"read-more\"> <a class=\"\" href=\"https:\/\/cie.britanico.cl\/index.php\/sobre-nosotros\/\"> <span class=\"screen-reader-text\">Sobre nosotros<\/span> Read More &raquo;<\/a><\/p>\n","protected":false},"author":1,"featured_media":0,"parent":0,"menu_order":0,"comment_status":"closed","ping_status":"closed","template":"","meta":{"site-sidebar-layout":"no-sidebar","site-content-layout":"page-builder","ast-main-header-display":"","ast-hfb-above-header-display":"","ast-hfb-below-header-display":"","ast-hfb-mobile-header-display":"","site-post-title":"disabled","ast-breadcrumbs-content":"","ast-featured-img":"disabled","footer-sml-layout":"","theme-transparent-header-meta":"default","adv-header-id-meta":"","stick-header-meta":"","header-above-stick-meta":"","header-main-stick-meta":"","header-below-stick-meta":""},"_links":{"self":[{"href":"https:\/\/cie.britanico.cl\/index.php\/wp-json\/wp\/v2\/pages\/114"}],"collection":[{"href":"https:\/\/cie.britanico.cl\/index.php\/wp-json\/wp\/v2\/pages"}],"about":[{"href":"https:\/\/cie.britanico.cl\/index.php\/wp-json\/wp\/v2\/types\/page"}],"author":[{"embeddable":true,"href":"https:\/\/cie.britanico.cl\/index.php\/wp-json\/wp\/v2\/users\/1"}],"replies":[{"embeddable":true,"href":"https:\/\/cie.britanico.cl\/index.php\/wp-json\/wp\/v2\/comments?post=114"}],"version-history":[{"count":22,"href":"https:\/\/cie.britanico.cl\/index.php\/wp-json\/wp\/v2\/pages\/114\/revisions"}],"predecessor-version":[{"id":380,"href":"https:\/\/cie.britanico.cl\/index.php\/wp-json\/wp\/v2\/pages\/114\/revisions\/380"}],"wp:attachment":[{"href":"https:\/\/cie.britanico.cl\/index.php\/wp-json\/wp\/v2\/media?parent=114"}],"curies":[{"name":"wp","href":"https:\/\/api.w.org\/{rel}","templated":true}]}}