{"id":119,"date":"2021-09-04T22:08:59","date_gmt":"2021-09-05T01:08:59","guid":{"rendered":"https:\/\/cie.britanico.cl\/?page_id=119"},"modified":"2021-09-08T13:43:52","modified_gmt":"2021-09-08T16:43:52","slug":"que-hacemos","status":"publish","type":"page","link":"https:\/\/cie.britanico.cl\/index.php\/que-hacemos\/","title":{"rendered":"Qu\u00e9 Hacemos"},"content":{"rendered":"\t\t<div data-elementor-type=\"wp-page\" data-elementor-id=\"119\" class=\"elementor elementor-119\" data-elementor-settings=\"[]\">\n\t\t\t\t\t\t\t<div class=\"elementor-section-wrap\">\n\t\t\t\t\t\t\t<section class=\"elementor-section elementor-top-section elementor-element elementor-element-ebcd439 elementor-section-boxed elementor-section-height-default elementor-section-height-default\" data-id=\"ebcd439\" data-element_type=\"section\" data-settings=\"{&quot;background_background&quot;:&quot;classic&quot;}\">\n\t\t\t\t\t\t<div class=\"elementor-container elementor-column-gap-default\">\n\t\t\t\t\t<div class=\"elementor-column elementor-col-100 elementor-top-column elementor-element elementor-element-76fed4e\" data-id=\"76fed4e\" data-element_type=\"column\">\n\t\t\t<div class=\"elementor-widget-wrap elementor-element-populated\">\n\t\t\t\t\t\t\t\t<div class=\"elementor-element elementor-element-fe21d85 elementor-widget elementor-widget-spacer\" data-id=\"fe21d85\" data-element_type=\"widget\" data-widget_type=\"spacer.default\">\n\t\t\t\t<div class=\"elementor-widget-container\">\n\t\t\t\t\t<div class=\"elementor-spacer\">\n\t\t\t<div class=\"elementor-spacer-inner\"><\/div>\n\t\t<\/div>\n\t\t\t\t<\/div>\n\t\t\t\t<\/div>\n\t\t\t\t<div class=\"elementor-element elementor-element-a1c708f elementor-widget elementor-widget-heading\" data-id=\"a1c708f\" data-element_type=\"widget\" data-widget_type=\"heading.default\">\n\t\t\t\t<div class=\"elementor-widget-container\">\n\t\t\t<h2 class=\"elementor-heading-title elementor-size-default\">Desarrollo de colegios y programas<\/h2>\t\t<\/div>\n\t\t\t\t<\/div>\n\t\t\t\t<div class=\"elementor-element elementor-element-7ff0b48 elementor-widget elementor-widget-spacer\" data-id=\"7ff0b48\" data-element_type=\"widget\" data-widget_type=\"spacer.default\">\n\t\t\t\t<div class=\"elementor-widget-container\">\n\t\t\t\t\t<div class=\"elementor-spacer\">\n\t\t\t<div class=\"elementor-spacer-inner\"><\/div>\n\t\t<\/div>\n\t\t\t\t<\/div>\n\t\t\t\t<\/div>\n\t\t\t\t\t<\/div>\n\t\t<\/div>\n\t\t\t\t\t\t\t<\/div>\n\t\t<\/section>\n\t\t\t\t<section class=\"elementor-section elementor-top-section elementor-element elementor-element-2406114 elementor-section-boxed elementor-section-height-default elementor-section-height-default\" data-id=\"2406114\" data-element_type=\"section\">\n\t\t\t\t\t\t<div class=\"elementor-container elementor-column-gap-default\">\n\t\t\t\t\t<div class=\"elementor-column elementor-col-100 elementor-top-column elementor-element elementor-element-9f14d78\" data-id=\"9f14d78\" data-element_type=\"column\">\n\t\t\t<div class=\"elementor-widget-wrap elementor-element-populated\">\n\t\t\t\t\t\t\t\t<div class=\"elementor-element elementor-element-da1b974 elementor-widget elementor-widget-spacer\" data-id=\"da1b974\" data-element_type=\"widget\" data-widget_type=\"spacer.default\">\n\t\t\t\t<div class=\"elementor-widget-container\">\n\t\t\t\t\t<div class=\"elementor-spacer\">\n\t\t\t<div class=\"elementor-spacer-inner\"><\/div>\n\t\t<\/div>\n\t\t\t\t<\/div>\n\t\t\t\t<\/div>\n\t\t\t\t<div class=\"elementor-element elementor-element-84b6387 arrow_list elementor-widget elementor-widget-text-editor\" data-id=\"84b6387\" data-element_type=\"widget\" data-widget_type=\"text-editor.default\">\n\t\t\t\t<div class=\"elementor-widget-container\">\n\t\t\t\t\t\t\t<ul><li>Trabajamos junto a Cambridge International para entregar el \u2018Cambridge Pathway\u2019 (La Ruta Cambridge) a colegios o estudiantes de manera directa.<\/li><li>Apoyamos a colegios a poner en marcha el \u2018Cambridge Pathway\u2019 (La Ruta Cambridge) y entregamos capacitaci\u00f3n y asesoria en el uso de la variedad de recursos disponibles en el \u2018School Support Hub\u2019 (Centro de Apoyo a Colegios)<\/li><li>Fomentamos el desarrollo profesional a trav\u00e9s de capacitaciones para profesores de nuestros colegios.<\/li><li>Ofrecemos capacitaciones, a valores preferenciales, a profesores y directivos para acompa\u00f1arlos en el desarrollo de su trabajo educativo, incluyendo Certificaciones de Desarrollo Profesional de Cambridge International (\u2018Professional Development Qualifications\u2019).<\/li><li>Organizamos y llevamos a cabo eventos interescolares tales como ferias de ciencias, competencias educativas y reuniones para la red Cambridge.<\/li><li>Apoyamos a colegios a desarrollar v\u00ednculos con otros en la comunidad internacional.<\/li><li>Enviamos informativos a los colegios de manera peri\u00f3dica.<\/li><\/ul>\t\t\t\t\t\t<\/div>\n\t\t\t\t<\/div>\n\t\t\t\t<div class=\"elementor-element elementor-element-1bace5c elementor-widget elementor-widget-spacer\" data-id=\"1bace5c\" data-element_type=\"widget\" data-widget_type=\"spacer.default\">\n\t\t\t\t<div class=\"elementor-widget-container\">\n\t\t\t\t\t<div class=\"elementor-spacer\">\n\t\t\t<div class=\"elementor-spacer-inner\"><\/div>\n\t\t<\/div>\n\t\t\t\t<\/div>\n\t\t\t\t<\/div>\n\t\t\t\t\t<\/div>\n\t\t<\/div>\n\t\t\t\t\t\t\t<\/div>\n\t\t<\/section>\n\t\t\t\t<section class=\"elementor-section elementor-top-section elementor-element elementor-element-de04aa3 elementor-section-boxed elementor-section-height-default elementor-section-height-default\" data-id=\"de04aa3\" data-element_type=\"section\" data-settings=\"{&quot;background_background&quot;:&quot;classic&quot;}\">\n\t\t\t\t\t\t<div class=\"elementor-container elementor-column-gap-default\">\n\t\t\t\t\t<div class=\"elementor-column elementor-col-100 elementor-top-column elementor-element elementor-element-9114c6a\" data-id=\"9114c6a\" data-element_type=\"column\">\n\t\t\t<div class=\"elementor-widget-wrap elementor-element-populated\">\n\t\t\t\t\t\t\t\t<div class=\"elementor-element elementor-element-2b79a4f elementor-widget elementor-widget-spacer\" data-id=\"2b79a4f\" data-element_type=\"widget\" data-widget_type=\"spacer.default\">\n\t\t\t\t<div class=\"elementor-widget-container\">\n\t\t\t\t\t<div class=\"elementor-spacer\">\n\t\t\t<div class=\"elementor-spacer-inner\"><\/div>\n\t\t<\/div>\n\t\t\t\t<\/div>\n\t\t\t\t<\/div>\n\t\t\t\t<div class=\"elementor-element elementor-element-4156bf6 elementor-widget elementor-widget-heading\" data-id=\"4156bf6\" data-element_type=\"widget\" data-widget_type=\"heading.default\">\n\t\t\t\t<div class=\"elementor-widget-container\">\n\t\t\t<h2 class=\"elementor-heading-title elementor-size-default\">Certificaciones Cambridge<\/h2>\t\t<\/div>\n\t\t\t\t<\/div>\n\t\t\t\t<div class=\"elementor-element elementor-element-78f6e92 elementor-widget elementor-widget-spacer\" data-id=\"78f6e92\" data-element_type=\"widget\" data-widget_type=\"spacer.default\">\n\t\t\t\t<div class=\"elementor-widget-container\">\n\t\t\t\t\t<div class=\"elementor-spacer\">\n\t\t\t<div class=\"elementor-spacer-inner\"><\/div>\n\t\t<\/div>\n\t\t\t\t<\/div>\n\t\t\t\t<\/div>\n\t\t\t\t\t<\/div>\n\t\t<\/div>\n\t\t\t\t\t\t\t<\/div>\n\t\t<\/section>\n\t\t\t\t<section class=\"elementor-section elementor-top-section elementor-element elementor-element-8350336 elementor-section-height-min-height elementor-section-boxed elementor-section-height-default elementor-section-items-middle\" data-id=\"8350336\" data-element_type=\"section\" data-settings=\"{&quot;background_background&quot;:&quot;classic&quot;}\">\n\t\t\t\t\t\t\t<div class=\"elementor-background-overlay\"><\/div>\n\t\t\t\t\t\t\t<div class=\"elementor-container elementor-column-gap-default\">\n\t\t\t\t\t<div class=\"elementor-column elementor-col-100 elementor-top-column elementor-element elementor-element-af9c32c\" data-id=\"af9c32c\" data-element_type=\"column\">\n\t\t\t<div class=\"elementor-widget-wrap elementor-element-populated\">\n\t\t\t\t\t\t\t\t<div class=\"elementor-element elementor-element-7d16b25 elementor-widget elementor-widget-spacer\" data-id=\"7d16b25\" data-element_type=\"widget\" data-widget_type=\"spacer.default\">\n\t\t\t\t<div class=\"elementor-widget-container\">\n\t\t\t\t\t<div class=\"elementor-spacer\">\n\t\t\t<div class=\"elementor-spacer-inner\"><\/div>\n\t\t<\/div>\n\t\t\t\t<\/div>\n\t\t\t\t<\/div>\n\t\t\t\t<div class=\"elementor-element elementor-element-583a83b arrow_list white elementor-widget elementor-widget-text-editor\" data-id=\"583a83b\" data-element_type=\"widget\" data-widget_type=\"text-editor.default\">\n\t\t\t\t<div class=\"elementor-widget-container\">\n\t\t\t\t\t\t\t<ul>\n<li>Verificamos que las inscripciones de ex\u00e1menes Cambridge est\u00e9n correctas antes de ser enviadas a Cambridge por los colegios.<\/li>\n<li>Capacitamos a administradores y supervisores de ex\u00e1menes para validar la correcta rendici\u00f3n de \u00e9stos en cada colegio asociado.<\/li>\n<li>Cautelamos que los protocolos de seguridad e integridad de Cambridge se observen durante las sesiones de rendici\u00f3n de ex\u00e1menes.<\/li>\n<li>Distribu\u00edmos ex\u00e1menes y sus materiales de manera segura hacia y desde nuestros colegios.<\/li>\n<li>Distribu\u00edmos resultados y certificados de ex\u00e1menes rendidos.<\/li>\n<li>Cautelamos el almacenaje y manipulaci\u00f3n seguros de los materiales de cada examen, de manera de preservar su integridad.<\/li>\n<\/ul>\t\t\t\t\t\t<\/div>\n\t\t\t\t<\/div>\n\t\t\t\t<div class=\"elementor-element elementor-element-dd38b34 elementor-widget elementor-widget-spacer\" data-id=\"dd38b34\" data-element_type=\"widget\" data-widget_type=\"spacer.default\">\n\t\t\t\t<div class=\"elementor-widget-container\">\n\t\t\t\t\t<div class=\"elementor-spacer\">\n\t\t\t<div class=\"elementor-spacer-inner\"><\/div>\n\t\t<\/div>\n\t\t\t\t<\/div>\n\t\t\t\t<\/div>\n\t\t\t\t\t<\/div>\n\t\t<\/div>\n\t\t\t\t\t\t\t<\/div>\n\t\t<\/section>\n\t\t\t\t\t\t<\/div>\n\t\t\t\t\t<\/div>\n\t\t","protected":false},"excerpt":{"rendered":"<p>Desarrollo de colegios y programas Trabajamos junto a Cambridge International para entregar el \u2018Cambridge Pathway\u2019 (La Ruta Cambridge) a colegios o estudiantes de manera directa. Apoyamos a colegios a poner en marcha el \u2018Cambridge Pathway\u2019 (La Ruta Cambridge) y entregamos capacitaci\u00f3n y asesoria en el uso de la variedad de recursos disponibles en el \u2018School &hellip;<\/p>\n<p class=\"read-more\"> <a class=\"\" href=\"https:\/\/cie.britanico.cl\/index.php\/que-hacemos\/\"> <span class=\"screen-reader-text\">Qu\u00e9 Hacemos<\/span> Read More &raquo;<\/a><\/p>\n","protected":false},"author":1,"featured_media":0,"parent":0,"menu_order":0,"comment_status":"closed","ping_status":"closed","template":"","meta":{"site-sidebar-layout":"no-sidebar","site-content-layout":"page-builder","ast-main-header-display":"","ast-hfb-above-header-display":"","ast-hfb-below-header-display":"","ast-hfb-mobile-header-display":"","site-post-title":"disabled","ast-breadcrumbs-content":"","ast-featured-img":"disabled","footer-sml-layout":"","theme-transparent-header-meta":"default","adv-header-id-meta":"","stick-header-meta":"","header-above-stick-meta":"","header-main-stick-meta":"","header-below-stick-meta":""},"_links":{"self":[{"href":"https:\/\/cie.britanico.cl\/index.php\/wp-json\/wp\/v2\/pages\/119"}],"collection":[{"href":"https:\/\/cie.britanico.cl\/index.php\/wp-json\/wp\/v2\/pages"}],"about":[{"href":"https:\/\/cie.britanico.cl\/index.php\/wp-json\/wp\/v2\/types\/page"}],"author":[{"embeddable":true,"href":"https:\/\/cie.britanico.cl\/index.php\/wp-json\/wp\/v2\/users\/1"}],"replies":[{"embeddable":true,"href":"https:\/\/cie.britanico.cl\/index.php\/wp-json\/wp\/v2\/comments?post=119"}],"version-history":[{"count":25,"href":"https:\/\/cie.britanico.cl\/index.php\/wp-json\/wp\/v2\/pages\/119\/revisions"}],"predecessor-version":[{"id":336,"href":"https:\/\/cie.britanico.cl\/index.php\/wp-json\/wp\/v2\/pages\/119\/revisions\/336"}],"wp:attachment":[{"href":"https:\/\/cie.britanico.cl\/index.php\/wp-json\/wp\/v2\/media?parent=119"}],"curies":[{"name":"wp","href":"https:\/\/api.w.org\/{rel}","templated":true}]}}