{"id":137,"date":"2021-09-04T22:29:41","date_gmt":"2021-09-05T01:29:41","guid":{"rendered":"https:\/\/cie.britanico.cl\/?page_id=137"},"modified":"2021-11-10T13:23:19","modified_gmt":"2021-11-10T16:23:19","slug":"certificaciones-internacionales","status":"publish","type":"page","link":"https:\/\/cie.britanico.cl\/index.php\/certificaciones-internacionales\/","title":{"rendered":"Calificaciones Internacionales"},"content":{"rendered":"\t\t<div data-elementor-type=\"wp-page\" data-elementor-id=\"137\" class=\"elementor elementor-137\" data-elementor-settings=\"[]\">\n\t\t\t\t\t\t\t<div class=\"elementor-section-wrap\">\n\t\t\t\t\t\t\t<section class=\"elementor-section elementor-top-section elementor-element elementor-element-5268d2d elementor-section-boxed elementor-section-height-default elementor-section-height-default\" data-id=\"5268d2d\" data-element_type=\"section\" data-settings=\"{&quot;background_background&quot;:&quot;classic&quot;}\">\n\t\t\t\t\t\t<div class=\"elementor-container elementor-column-gap-default\">\n\t\t\t\t\t<div class=\"elementor-column elementor-col-100 elementor-top-column elementor-element elementor-element-2958739\" data-id=\"2958739\" data-element_type=\"column\">\n\t\t\t<div class=\"elementor-widget-wrap elementor-element-populated\">\n\t\t\t\t\t\t\t\t<div class=\"elementor-element elementor-element-aacb47a elementor-widget elementor-widget-spacer\" data-id=\"aacb47a\" data-element_type=\"widget\" data-widget_type=\"spacer.default\">\n\t\t\t\t<div class=\"elementor-widget-container\">\n\t\t\t\t\t<div class=\"elementor-spacer\">\n\t\t\t<div class=\"elementor-spacer-inner\"><\/div>\n\t\t<\/div>\n\t\t\t\t<\/div>\n\t\t\t\t<\/div>\n\t\t\t\t<div class=\"elementor-element elementor-element-30c30f6 elementor-widget elementor-widget-heading\" data-id=\"30c30f6\" data-element_type=\"widget\" data-widget_type=\"heading.default\">\n\t\t\t\t<div class=\"elementor-widget-container\">\n\t\t\t<h2 class=\"elementor-heading-title elementor-size-default\">Cambridge Assessment International<\/h2>\t\t<\/div>\n\t\t\t\t<\/div>\n\t\t\t\t<div class=\"elementor-element elementor-element-c41a36b elementor-widget elementor-widget-spacer\" data-id=\"c41a36b\" data-element_type=\"widget\" data-widget_type=\"spacer.default\">\n\t\t\t\t<div class=\"elementor-widget-container\">\n\t\t\t\t\t<div class=\"elementor-spacer\">\n\t\t\t<div class=\"elementor-spacer-inner\"><\/div>\n\t\t<\/div>\n\t\t\t\t<\/div>\n\t\t\t\t<\/div>\n\t\t\t\t\t<\/div>\n\t\t<\/div>\n\t\t\t\t\t\t\t<\/div>\n\t\t<\/section>\n\t\t\t\t<section class=\"elementor-section elementor-top-section elementor-element elementor-element-459a97b elementor-section-boxed elementor-section-height-default elementor-section-height-default\" data-id=\"459a97b\" data-element_type=\"section\">\n\t\t\t\t\t\t<div class=\"elementor-container elementor-column-gap-default\">\n\t\t\t\t\t<div class=\"elementor-column elementor-col-100 elementor-top-column elementor-element elementor-element-31a40a5\" data-id=\"31a40a5\" data-element_type=\"column\">\n\t\t\t<div class=\"elementor-widget-wrap elementor-element-populated\">\n\t\t\t\t\t\t\t\t<div class=\"elementor-element elementor-element-3090648 elementor-widget elementor-widget-spacer\" data-id=\"3090648\" data-element_type=\"widget\" data-widget_type=\"spacer.default\">\n\t\t\t\t<div class=\"elementor-widget-container\">\n\t\t\t\t\t<div class=\"elementor-spacer\">\n\t\t\t<div class=\"elementor-spacer-inner\"><\/div>\n\t\t<\/div>\n\t\t\t\t<\/div>\n\t\t\t\t<\/div>\n\t\t\t\t<div class=\"elementor-element elementor-element-03b44e0 elementor-widget elementor-widget-text-editor\" data-id=\"03b44e0\" data-element_type=\"widget\" data-widget_type=\"text-editor.default\">\n\t\t\t\t<div class=\"elementor-widget-container\">\n\t\t\t\t\t\t\t<p>Las Calificaciones de Cambridge Assessment International Education tienen la ventaja de estar basadas en la investigaci\u00f3n m\u00e1s actualizada de la Universidad de Cambridge, siendo ampliamente aceptadas en todo el mundo y dise\u00f1adas bajo rigurosos est\u00e1ndares de calidad y seguridad.<\/p><p>Las evaluaciones de Cambridge International son v\u00e1lidas, confiables y realistas y miden lo que se sabe es de valor: conocimiento profundo de la materia, comprensi\u00f3n conceptual y habilidades de pensamiento de nivel superior. Su estructura de evaluaci\u00f3n flexible maximiza el tiempo para la ense\u00f1anza y el aprendizaje.<\/p><p>Las calificaciones de Cambridge International son vastamente aceptadas por universidades y empleadores. Los estudiantes provenientes de colegios bajo el r\u00e9gimen curricular de Cambridge International pueden estar seguros que sus calificaciones ser\u00e1n reconocidas y valoradas a lo largo de su educaci\u00f3n y carrera, en su pa\u00eds de origen e internacionalmente.<\/p>\t\t\t\t\t\t<\/div>\n\t\t\t\t<\/div>\n\t\t\t\t<div class=\"elementor-element elementor-element-14f29e4 elementor-widget elementor-widget-spacer\" data-id=\"14f29e4\" data-element_type=\"widget\" data-widget_type=\"spacer.default\">\n\t\t\t\t<div class=\"elementor-widget-container\">\n\t\t\t\t\t<div class=\"elementor-spacer\">\n\t\t\t<div class=\"elementor-spacer-inner\"><\/div>\n\t\t<\/div>\n\t\t\t\t<\/div>\n\t\t\t\t<\/div>\n\t\t\t\t\t<\/div>\n\t\t<\/div>\n\t\t\t\t\t\t\t<\/div>\n\t\t<\/section>\n\t\t\t\t<section class=\"elementor-section elementor-top-section elementor-element elementor-element-17bdfe0 elementor-section-boxed elementor-section-height-default elementor-section-height-default\" data-id=\"17bdfe0\" data-element_type=\"section\">\n\t\t\t\t\t\t<div class=\"elementor-container elementor-column-gap-default\">\n\t\t\t\t\t<div class=\"elementor-column elementor-col-100 elementor-top-column elementor-element elementor-element-cbc66d9\" data-id=\"cbc66d9\" data-element_type=\"column\">\n\t\t\t<div class=\"elementor-widget-wrap elementor-element-populated\">\n\t\t\t\t\t\t\t\t<div class=\"elementor-element elementor-element-fff1fe4 elementor-widget__width-initial caja_calificacion elementor-widget-mobile__width-inherit elementor-position-top elementor-vertical-align-top elementor-widget elementor-widget-image-box\" data-id=\"fff1fe4\" data-element_type=\"widget\" data-widget_type=\"image-box.default\">\n\t\t\t\t<div class=\"elementor-widget-container\">\n\t\t\t<div class=\"elementor-image-box-wrapper\"><figure class=\"elementor-image-box-img\"><img width=\"494\" height=\"297\" src=\"https:\/\/cie.britanico.cl\/wp-content\/uploads\/2021\/09\/Cambridge-ICT-Starters-1-1.jpg\" class=\"attachment-full size-full\" alt=\"\" loading=\"lazy\" \/><\/figure><div class=\"elementor-image-box-content\"><h3 class=\"elementor-image-box-title\">Cambridge ICT Starters<\/h3><p class=\"elementor-image-box-description\"><b>Cambridge ICT Starters<\/b> est\u00e1 dise\u00f1ado para presentar aplicaciones fundamentales de las TICs (Tecnolog\u00edas de la Inform\u00e1tica y la Comunicaci\u00f3n - ICT por sus siglas en ingl\u00e9s) a alumnos entre 5 y 14 a\u00f1os, ayud\u00e1ndolos a comprender el impacto de la tecnolog\u00eda en nuestras vidas diarias - incluyendo tambi\u00e9n cuestiones m\u00e1s profundas como la seguridad en internet.\n\n<a class=\"btn-leer-mas-calificaciones\" href=\"https:\/\/cie.britanico.cl\/wp-content\/uploads\/2021\/09\/469295-cambridge-ict-starters-a-guide-for-parents-spanish-.pdf\" target=\"_blank\">Leer m\u00e1s<\/a><\/p><\/div><\/div>\t\t<\/div>\n\t\t\t\t<\/div>\n\t\t\t\t<div class=\"elementor-element elementor-element-8147109 elementor-widget__width-initial caja_calificacion elementor-widget-mobile__width-inherit elementor-position-top elementor-vertical-align-top elementor-widget elementor-widget-image-box\" data-id=\"8147109\" data-element_type=\"widget\" data-widget_type=\"image-box.default\">\n\t\t\t\t<div class=\"elementor-widget-container\">\n\t\t\t<div class=\"elementor-image-box-wrapper\"><figure class=\"elementor-image-box-img\"><img width=\"494\" height=\"297\" src=\"https:\/\/cie.britanico.cl\/wp-content\/uploads\/2021\/09\/Cambridge-IGCSE-1.jpg\" class=\"attachment-full size-full\" alt=\"\" loading=\"lazy\" \/><\/figure><div class=\"elementor-image-box-content\"><h3 class=\"elementor-image-box-title\">Cambridge IGCSE<\/h3><p class=\"elementor-image-box-description\"><b>Cambridge IGCSE<\/b> es la certificaci\u00f3n\ninternacional con mayor reconocimiento para alumnos entre 14 y 16 a\u00f1os, con m\u00e1s de 900.000 inscripciones al a\u00f1o en m\u00e1s de 140 pa\u00edses. Cambridge IGCSE ayuda a los alumnos a desarrollar conocimiento, comprensi\u00f3n y habilidades no s\u00f3lo en materias de contenido sino tambi\u00e9n en el proceso de indagaci\u00f3n intelectual.\n\n<a class=\"btn-leer-mas-calificaciones\" href=\"https:\/\/cie.britanico.cl\/wp-content\/uploads\/2021\/09\/469296-cambridge-igcse-a-guide-for-parents-spanish-.pdf\" target=\"_blank\">Leer m\u00e1s<\/a><\/p><\/div><\/div>\t\t<\/div>\n\t\t\t\t<\/div>\n\t\t\t\t<div class=\"elementor-element elementor-element-e186081 elementor-widget__width-initial caja_calificacion elementor-widget-mobile__width-inherit elementor-position-top elementor-vertical-align-top elementor-widget elementor-widget-image-box\" data-id=\"e186081\" data-element_type=\"widget\" data-widget_type=\"image-box.default\">\n\t\t\t\t<div class=\"elementor-widget-container\">\n\t\t\t<div class=\"elementor-image-box-wrapper\"><figure class=\"elementor-image-box-img\"><img width=\"494\" height=\"297\" src=\"https:\/\/cie.britanico.cl\/wp-content\/uploads\/2021\/09\/Cambridge-O-Levels-1.jpg\" class=\"attachment-full size-full\" alt=\"\" loading=\"lazy\" \/><\/figure><div class=\"elementor-image-box-content\"><h3 class=\"elementor-image-box-title\">Cambridge Checkpoints<\/h3><p class=\"elementor-image-box-description\">Los docentes pueden monitorear el progreso de su hijo mediante una serie de controles incorporados al programa de Cambridge Primary. Las pruebas Cambridge Primary Checkpoint son corregidas por Cambridge International, y est\u00e1n dise\u00f1adas para ser rendidas durante el \u00faltimo a\u00f1o de Cambridge Primary. Al completar el Cambridge Primary Checkpoint, su hijo recibir\u00e1 un certificado de logro y su colegio recibir\u00e1 una devoluci\u00f3n detallada sobre su rendimiento.\n\n<a class=\"btn-leer-mas-calificaciones\" href=\"https:\/\/cie.britanico.cl\/wp-content\/uploads\/2021\/11\/2-469299-cambridge-primary-a-guide-for-parents-spanish-.pdf\" target=\"_blank\">Leer m\u00e1s<\/a><\/p><\/div><\/div>\t\t<\/div>\n\t\t\t\t<\/div>\n\t\t\t\t<div class=\"elementor-element elementor-element-108ac85 elementor-widget elementor-widget-spacer\" data-id=\"108ac85\" data-element_type=\"widget\" data-widget_type=\"spacer.default\">\n\t\t\t\t<div class=\"elementor-widget-container\">\n\t\t\t\t\t<div class=\"elementor-spacer\">\n\t\t\t<div class=\"elementor-spacer-inner\"><\/div>\n\t\t<\/div>\n\t\t\t\t<\/div>\n\t\t\t\t<\/div>\n\t\t\t\t<div class=\"elementor-element elementor-element-d6cbb39 elementor-widget__width-initial caja_calificacion elementor-widget-mobile__width-inherit elementor-position-top elementor-vertical-align-top elementor-widget elementor-widget-image-box\" data-id=\"d6cbb39\" data-element_type=\"widget\" data-widget_type=\"image-box.default\">\n\t\t\t\t<div class=\"elementor-widget-container\">\n\t\t\t<div class=\"elementor-image-box-wrapper\"><figure class=\"elementor-image-box-img\"><img width=\"494\" height=\"297\" src=\"https:\/\/cie.britanico.cl\/wp-content\/uploads\/2021\/09\/Cambridge-AS-A-Levels-1.jpg\" class=\"attachment-full size-full\" alt=\"\" loading=\"lazy\" \/><\/figure><div class=\"elementor-image-box-content\"><h3 class=\"elementor-image-box-title\">Cambridge AS & A Levels<\/h3><p class=\"elementor-image-box-description\">Todos los a\u00f1os, m\u00e1s de 175.000 alumnos de casi 130 pa\u00edses se capacitan para obtener las certificaciones de <b>Cambridge International AS y A Level.<\/b> Est\u00e1n orientadas a estudiantes entre 16 y 19 a\u00f1os que necesitan cursar estudios avanzados con el fin de prepararse para la educaci\u00f3n superior.\n<a class=\"btn-leer-mas-calificaciones\" href=\"https:\/\/cie.britanico.cl\/wp-content\/uploads\/2021\/09\/469294-cambridge-international-as-a-level-a-guide-for-parents-spanish-.pdf\" target=\"_blank\">Leer m\u00e1s<\/a><\/p><\/div><\/div>\t\t<\/div>\n\t\t\t\t<\/div>\n\t\t\t\t<div class=\"elementor-element elementor-element-fee80b6 elementor-widget__width-initial caja_calificacion elementor-widget-mobile__width-inherit elementor-position-top elementor-vertical-align-top elementor-widget elementor-widget-image-box\" data-id=\"fee80b6\" data-element_type=\"widget\" data-widget_type=\"image-box.default\">\n\t\t\t\t<div class=\"elementor-widget-container\">\n\t\t\t<div class=\"elementor-image-box-wrapper\"><figure class=\"elementor-image-box-img\"><img width=\"494\" height=\"297\" src=\"https:\/\/cie.britanico.cl\/wp-content\/uploads\/2021\/09\/Cambridge-AICE-1-1.jpg\" class=\"attachment-full size-full\" alt=\"\" loading=\"lazy\" \/><\/figure><div class=\"elementor-image-box-content\"><h3 class=\"elementor-image-box-title\">Cambridge AICE<\/h3><p class=\"elementor-image-box-description\">\u00bfQu\u00e9 es Cambridge AICE? <b>Cambridge Advanced International Certificate of Education<\/b> (Cambridge AICE) es una certificaci\u00f3n grupal la cual requiere que los alumnos estudien temas escogidos de tres \u00e1reas curriculares dentro de Cambridge International AS &amp; A Level: matem\u00e1tica y ciencia, idiomas, y arte y humanidades. Tambi\u00e9n hay una materia troncal obligatoria, Cambridge International AS Level Global Perspectives &amp; Research.\n<a class=\"btn-leer-mas-calificaciones\" href=\"https:\/\/cie.britanico.cl\/wp-content\/uploads\/2021\/09\/469293-cambridge-aice-a-guide-for-parents-spanish-.pdf\" target=\"_blank\">Leer m\u00e1s<\/a><\/p><\/div><\/div>\t\t<\/div>\n\t\t\t\t<\/div>\n\t\t\t\t<div class=\"elementor-element elementor-element-480cc41 elementor-widget__width-initial caja_calificacion elementor-widget-mobile__width-inherit elementor-position-top elementor-vertical-align-top elementor-widget elementor-widget-image-box\" data-id=\"480cc41\" data-element_type=\"widget\" data-widget_type=\"image-box.default\">\n\t\t\t\t<div class=\"elementor-widget-container\">\n\t\t\t<div class=\"elementor-image-box-wrapper\"><figure class=\"elementor-image-box-img\"><img width=\"494\" height=\"297\" src=\"https:\/\/cie.britanico.cl\/wp-content\/uploads\/2021\/09\/Cambridge-AICE-1-1.jpg\" class=\"attachment-full size-full\" alt=\"\" loading=\"lazy\" \/><\/figure><div class=\"elementor-image-box-content\"><h3 class=\"elementor-image-box-title\">Cambridge (ICE)<\/h3><p class=\"elementor-image-box-description\">El Certificado ICE de Cambridge International es un certificado grupal dise\u00f1ado para colegios que\nquieren ofrecer un curr\u00edculo amplio, reconocido en Estados Unidos y en Am\u00e9rica del Sur. Los\nestudiantes rinden al menos siete asignaturas seleccionadas desde las cinco \u00e1reas curriculares IGCSE:<br\/>\n<br\/>\nGrupo 1: Idiomas<br\/>\nGrupo 2: Humanidades<br\/>\nGrupo 3: Ciencias<br\/>\nGrupo 4: Matem\u00e1ticas<br\/>\nGrupo 5: Creativo y Profesional<br\/>\n\n<a class=\"btn-leer-mas-calificaciones\" href=\"https:\/\/cie.britanico.cl\/wp-content\/uploads\/2021\/11\/IGCSE-ICE-Spanish.pdf\" target=\"_blank\">Leer m\u00e1s<\/a><\/p><\/div><\/div>\t\t<\/div>\n\t\t\t\t<\/div>\n\t\t\t\t\t<\/div>\n\t\t<\/div>\n\t\t\t\t\t\t\t<\/div>\n\t\t<\/section>\n\t\t\t\t\t\t<\/div>\n\t\t\t\t\t<\/div>\n\t\t","protected":false},"excerpt":{"rendered":"<p>Cambridge Assessment International Las Calificaciones de Cambridge Assessment International Education tienen la ventaja de estar basadas en la investigaci\u00f3n m\u00e1s actualizada de la Universidad de Cambridge, siendo ampliamente aceptadas en todo el mundo y dise\u00f1adas bajo rigurosos est\u00e1ndares de calidad y seguridad. Las evaluaciones de Cambridge International son v\u00e1lidas, confiables y realistas y miden lo &hellip;<\/p>\n<p class=\"read-more\"> <a class=\"\" href=\"https:\/\/cie.britanico.cl\/index.php\/certificaciones-internacionales\/\"> <span class=\"screen-reader-text\">Calificaciones Internacionales<\/span> Read More &raquo;<\/a><\/p>\n","protected":false},"author":1,"featured_media":0,"parent":0,"menu_order":0,"comment_status":"closed","ping_status":"closed","template":"","meta":{"site-sidebar-layout":"no-sidebar","site-content-layout":"page-builder","ast-main-header-display":"","ast-hfb-above-header-display":"","ast-hfb-below-header-display":"","ast-hfb-mobile-header-display":"","site-post-title":"disabled","ast-breadcrumbs-content":"","ast-featured-img":"disabled","footer-sml-layout":"","theme-transparent-header-meta":"default","adv-header-id-meta":"","stick-header-meta":"","header-above-stick-meta":"","header-main-stick-meta":"","header-below-stick-meta":""},"_links":{"self":[{"href":"https:\/\/cie.britanico.cl\/index.php\/wp-json\/wp\/v2\/pages\/137"}],"collection":[{"href":"https:\/\/cie.britanico.cl\/index.php\/wp-json\/wp\/v2\/pages"}],"about":[{"href":"https:\/\/cie.britanico.cl\/index.php\/wp-json\/wp\/v2\/types\/page"}],"author":[{"embeddable":true,"href":"https:\/\/cie.britanico.cl\/index.php\/wp-json\/wp\/v2\/users\/1"}],"replies":[{"embeddable":true,"href":"https:\/\/cie.britanico.cl\/index.php\/wp-json\/wp\/v2\/comments?post=137"}],"version-history":[{"count":77,"href":"https:\/\/cie.britanico.cl\/index.php\/wp-json\/wp\/v2\/pages\/137\/revisions"}],"predecessor-version":[{"id":621,"href":"https:\/\/cie.britanico.cl\/index.php\/wp-json\/wp\/v2\/pages\/137\/revisions\/621"}],"wp:attachment":[{"href":"https:\/\/cie.britanico.cl\/index.php\/wp-json\/wp\/v2\/media?parent=137"}],"curies":[{"name":"wp","href":"https:\/\/api.w.org\/{rel}","templated":true}]}}